{"id":277,"date":"2025-12-11T14:54:52","date_gmt":"2025-12-11T14:54:52","guid":{"rendered":"https:\/\/eicic.unach.edu.ec\/?page_id=277"},"modified":"2025-12-11T15:48:29","modified_gmt":"2025-12-11T15:48:29","slug":"quienes-somos","status":"publish","type":"page","link":"https:\/\/eicic.unach.edu.ec\/?page_id=277","title":{"rendered":"\u00bfQui\u00e9nes somos?"},"content":{"rendered":"\n<h2 class=\"wp-block-heading animated fadeIn\">Somos <strong>EICIC<\/strong>, un proyecto acad\u00e9mico que integra la <strong>Ense\u00f1anza del Ingl\u00e9s<\/strong> con la <strong>construcci\u00f3n de la identidad cultural<\/strong> de los estudiantes. Nacemos con la convicci\u00f3n de que aprender un idioma va m\u00e1s all\u00e1 de memorizar estructuras: implica comprender el entorno, valorar la cultura propia y desarrollar una visi\u00f3n m\u00e1s amplia del mundo.<\/h2>\n\n\n\n<h2 class=\"wp-block-heading animated fadeIn\">Nuestro equipo est\u00e1 conformado por docentes, estudiantes y colaboradores comprometidos con una educaci\u00f3n innovadora, participativa y significativa. A trav\u00e9s de actividades creativas, experiencias comunitarias y recursos pedag\u00f3gicos din\u00e1micos, buscamos que el aprendizaje del ingl\u00e9s se convierta en una herramienta para fortalecer la autoestima cultural, la expresi\u00f3n personal y la conexi\u00f3n con las ra\u00edces locales.<\/h2>\n\n\n\n<p><\/p>\n","protected":false},"excerpt":{"rendered":"<p>Somos EICIC, un proyecto acad\u00e9mico que integra la Ense\u00f1anza del Ingl\u00e9s con la construcci\u00f3n de la identidad cultural de los estudiantes. Nacemos con la convicci\u00f3n de que aprender un idioma va m\u00e1s all\u00e1 de memorizar estructuras: implica comprender el entorno, valorar la cultura propia y desarrollar una visi\u00f3n m\u00e1s amplia del mundo. Nuestro equipo est\u00e1 [&hellip;]<\/p>\n","protected":false},"author":1,"featured_media":0,"parent":0,"menu_order":0,"comment_status":"closed","ping_status":"closed","template":"","meta":{"footnotes":""},"class_list":["post-277","page","type-page","status-publish","hentry"],"_links":{"self":[{"href":"https:\/\/eicic.unach.edu.ec\/index.php?rest_route=\/wp\/v2\/pages\/277","targetHints":{"allow":["GET"]}}],"collection":[{"href":"https:\/\/eicic.unach.edu.ec\/index.php?rest_route=\/wp\/v2\/pages"}],"about":[{"href":"https:\/\/eicic.unach.edu.ec\/index.php?rest_route=\/wp\/v2\/types\/page"}],"author":[{"embeddable":true,"href":"https:\/\/eicic.unach.edu.ec\/index.php?rest_route=\/wp\/v2\/users\/1"}],"replies":[{"embeddable":true,"href":"https:\/\/eicic.unach.edu.ec\/index.php?rest_route=%2Fwp%2Fv2%2Fcomments&post=277"}],"version-history":[{"count":3,"href":"https:\/\/eicic.unach.edu.ec\/index.php?rest_route=\/wp\/v2\/pages\/277\/revisions"}],"predecessor-version":[{"id":326,"href":"https:\/\/eicic.unach.edu.ec\/index.php?rest_route=\/wp\/v2\/pages\/277\/revisions\/326"}],"wp:attachment":[{"href":"https:\/\/eicic.unach.edu.ec\/index.php?rest_route=%2Fwp%2Fv2%2Fmedia&parent=277"}],"curies":[{"name":"wp","href":"https:\/\/api.w.org\/{rel}","templated":true}]}}