{"id":281,"date":"2025-12-11T14:56:07","date_gmt":"2025-12-11T14:56:07","guid":{"rendered":"https:\/\/eicic.unach.edu.ec\/?page_id=281"},"modified":"2025-12-11T16:04:58","modified_gmt":"2025-12-11T16:04:58","slug":"objetivos","status":"publish","type":"page","link":"https:\/\/eicic.unach.edu.ec\/?page_id=281","title":{"rendered":"Objetivos"},"content":{"rendered":"\n<h1 class=\"wp-block-heading\"><strong>Objetivos del Proyecto EICIC<\/strong><\/h1>\n\n\n\n<h2 class=\"wp-block-heading\"><strong>Objetivo General<\/strong><\/h2>\n\n\n\n<p>Dise\u00f1ar una propuesta de ense\u00f1anza del idioma ingl\u00e9s que fortalezca la identidad cultural de los adolescentes de las parroquias rurales del cant\u00f3n Guano, durante el periodo 2024\u20132027.<\/p>\n\n\n\n<hr class=\"wp-block-separator has-alpha-channel-opacity\"\/>\n\n\n\n<h1 class=\"wp-block-heading\"><strong>Objetivos Espec\u00edficos<\/strong><\/h1>\n\n\n\n<h3 class=\"wp-block-heading\"><strong>OE1. Fase Epistemol\u00f3gica<\/strong><\/h3>\n\n\n\n<p>Recolectar informaci\u00f3n socioecon\u00f3mica, cultural y tur\u00edstica de las parroquias rurales mediante estudios y tesis de grado, para construir la base conceptual y metodol\u00f3gica del proyecto.<\/p>\n\n\n\n<hr class=\"wp-block-separator has-alpha-channel-opacity\"\/>\n\n\n\n<h3 class=\"wp-block-heading\"><strong>OE2. Fase Metodol\u00f3gico\u2013Pragm\u00e1tica<\/strong><\/h3>\n\n\n\n<p>Aplicar proyectos de vinculaci\u00f3n y encuentros formativos de ingl\u00e9s, utilizando metodolog\u00edas activas basadas en el contexto local, como estrategia para promover la construcci\u00f3n de la identidad cultural.<br>Perfil proyecto (1)<\/p>\n\n\n\n<hr class=\"wp-block-separator has-alpha-channel-opacity\"\/>\n\n\n\n<h3 class=\"wp-block-heading\"><strong>OE3. Fase de Construcci\u00f3n de Identidad Cultural<\/strong><\/h3>\n\n\n\n<p>Crear recursos gr\u00e1ficos y audiovisuales que valoren y difundan la riqueza cultural, social y geogr\u00e1fica de las parroquias participantes, fortaleciendo su identidad cultural.<\/p>\n","protected":false},"excerpt":{"rendered":"<p>Objetivos del Proyecto EICIC Objetivo General Dise\u00f1ar una propuesta de ense\u00f1anza del idioma ingl\u00e9s que fortalezca la identidad cultural de los adolescentes de las parroquias rurales del cant\u00f3n Guano, durante el periodo 2024\u20132027. Objetivos Espec\u00edficos OE1. Fase Epistemol\u00f3gica Recolectar informaci\u00f3n socioecon\u00f3mica, cultural y tur\u00edstica de las parroquias rurales mediante estudios y tesis de grado, para [&hellip;]<\/p>\n","protected":false},"author":1,"featured_media":0,"parent":0,"menu_order":0,"comment_status":"closed","ping_status":"closed","template":"","meta":{"footnotes":""},"class_list":["post-281","page","type-page","status-publish","hentry"],"_links":{"self":[{"href":"https:\/\/eicic.unach.edu.ec\/index.php?rest_route=\/wp\/v2\/pages\/281","targetHints":{"allow":["GET"]}}],"collection":[{"href":"https:\/\/eicic.unach.edu.ec\/index.php?rest_route=\/wp\/v2\/pages"}],"about":[{"href":"https:\/\/eicic.unach.edu.ec\/index.php?rest_route=\/wp\/v2\/types\/page"}],"author":[{"embeddable":true,"href":"https:\/\/eicic.unach.edu.ec\/index.php?rest_route=\/wp\/v2\/users\/1"}],"replies":[{"embeddable":true,"href":"https:\/\/eicic.unach.edu.ec\/index.php?rest_route=%2Fwp%2Fv2%2Fcomments&post=281"}],"version-history":[{"count":3,"href":"https:\/\/eicic.unach.edu.ec\/index.php?rest_route=\/wp\/v2\/pages\/281\/revisions"}],"predecessor-version":[{"id":331,"href":"https:\/\/eicic.unach.edu.ec\/index.php?rest_route=\/wp\/v2\/pages\/281\/revisions\/331"}],"wp:attachment":[{"href":"https:\/\/eicic.unach.edu.ec\/index.php?rest_route=%2Fwp%2Fv2%2Fmedia&parent=281"}],"curies":[{"name":"wp","href":"https:\/\/api.w.org\/{rel}","templated":true}]}}