{"id":291,"date":"2025-12-11T14:57:12","date_gmt":"2025-12-11T14:57:12","guid":{"rendered":"https:\/\/eicic.unach.edu.ec\/?page_id=291"},"modified":"2026-01-13T15:16:25","modified_gmt":"2026-01-13T15:16:25","slug":"equipo-investigador","status":"publish","type":"page","link":"https:\/\/eicic.unach.edu.ec\/?page_id=291","title":{"rendered":"Equipo investigador"},"content":{"rendered":"\n<p><br><\/p>\n\n\n\n<div class=\"wp-block-media-text is-stacked-on-mobile animated fadeIn\" style=\"grid-template-columns:26% auto\"><figure class=\"wp-block-media-text__media\"><img loading=\"lazy\" decoding=\"async\" width=\"1024\" height=\"917\" src=\"https:\/\/eicic.unach.edu.ec\/wp-content\/uploads\/2026\/01\/copia3-1024x917.png\" alt=\"\" class=\"wp-image-356 size-full\" srcset=\"https:\/\/eicic.unach.edu.ec\/wp-content\/uploads\/2026\/01\/copia3-1024x917.png 1024w, https:\/\/eicic.unach.edu.ec\/wp-content\/uploads\/2026\/01\/copia3-300x269.png 300w, https:\/\/eicic.unach.edu.ec\/wp-content\/uploads\/2026\/01\/copia3-768x688.png 768w, https:\/\/eicic.unach.edu.ec\/wp-content\/uploads\/2026\/01\/copia3.png 1280w\" sizes=\"auto, (max-width: 1024px) 100vw, 1024px\" \/><\/figure><div class=\"wp-block-media-text__content\">\n<p>Grissel Mariela Aguagallo Cali es licenciada en Pedagog\u00eda del Idioma Ingl\u00e9s por la Universidad Nacional de Chimborazo. Posee experiencia docente desde educaci\u00f3n inicial hasta niveles de educaci\u00f3n b\u00e1sica y media, tanto en instituciones urbanas como rurales. Se distingue por su enfoque creativo, emp\u00e1tico y comprometido con el aprendizaje significativo, integrando metodolog\u00edas activas e instrumentos TIC en sus clases. Ha colaborado como voluntaria en comunidades rurales, fortaleciendo la identidad cultural y la motivaci\u00f3n hacia el aprendizaje del ingl\u00e9s. Su formaci\u00f3n incluye talleres especializados, como la ense\u00f1anza de habilidades TOEFL iBT y temas de diversidad educativa. Domina el espa\u00f1ol como lengua materna y cuenta con un nivel B2 de ingl\u00e9s y conocimientos b\u00e1sicos de franc\u00e9s.<\/p>\n<\/div><\/div>\n\n\n\n<div class=\"wp-block-media-text is-stacked-on-mobile animated fadeIn\" style=\"grid-template-columns:25% auto\"><figure class=\"wp-block-media-text__media\"><img loading=\"lazy\" decoding=\"async\" width=\"354\" height=\"472\" src=\"https:\/\/eicic.unach.edu.ec\/wp-content\/uploads\/2026\/01\/PAMELA-BAYAS-copia2.png\" alt=\"\" class=\"wp-image-355 size-full\" srcset=\"https:\/\/eicic.unach.edu.ec\/wp-content\/uploads\/2026\/01\/PAMELA-BAYAS-copia2.png 354w, https:\/\/eicic.unach.edu.ec\/wp-content\/uploads\/2026\/01\/PAMELA-BAYAS-copia2-225x300.png 225w\" sizes=\"auto, (max-width: 354px) 100vw, 354px\" \/><\/figure><div class=\"wp-block-media-text__content\">\n<p>Mi nombre es\u00a0Pamela Bayas\u00a0y tengo 23 a\u00f1os. Soy licenciada en Pedagog\u00eda del Idioma Ingl\u00e9s por la Universidad Nacional de Chimborazo (UNACH), instituci\u00f3n en la que actualmente curso tambi\u00e9n la Maestr\u00eda en Pedagog\u00eda de los Idiomas Nacionales y Extranjeros. Cuento con certificaci\u00f3n\u00a0C1 de Cambridge\u00a0y mantengo una formaci\u00f3n continua en lenguas, estudiando adicionalmente chino e italiano. Me desempe\u00f1o como docente de ingl\u00e9s en la Unidad Educativa Internacional San Ignacio de Loyola, donde imparto clases desde el nivel elemental hasta el bachillerato. Mi ejercicio profesional se distingue por la responsabilidad, el compromiso acad\u00e9mico y la dedicaci\u00f3n a impulsar el desarrollo ling\u00fc\u00edstico y personal de mis estudiantes.\u00a0<\/p>\n<\/div><\/div>\n\n\n\n<div class=\"wp-block-media-text is-stacked-on-mobile\" style=\"grid-template-columns:25% auto\"><figure class=\"wp-block-media-text__media\"><img loading=\"lazy\" decoding=\"async\" width=\"709\" height=\"945\" src=\"https:\/\/eicic.unach.edu.ec\/wp-content\/uploads\/2026\/01\/para-la-pagina-web.png\" alt=\"\" class=\"wp-image-353 size-full\" srcset=\"https:\/\/eicic.unach.edu.ec\/wp-content\/uploads\/2026\/01\/para-la-pagina-web.png 709w, https:\/\/eicic.unach.edu.ec\/wp-content\/uploads\/2026\/01\/para-la-pagina-web-225x300.png 225w\" sizes=\"auto, (max-width: 709px) 100vw, 709px\" \/><\/figure><div class=\"wp-block-media-text__content\">\n<p>Soy Jennyfer Katherine Bonifaz Castillo, tengo 23 a\u00f1os y resido en la ciudad de Riobamba, Ecuador. Soy licenciada en Pedagog\u00eda del Idioma Ingl\u00e9s y exestudiante de la carrera de Pedagog\u00eda de los Idiomas Nacionales y Extranjeros. Actualmente, laboro como docente de ingl\u00e9s en un instituto privado, donde imparto clases a estudiantes de los niveles A1, A2 y B1.<\/p>\n\n\n\n<p>Cuento con certificaciones internacionales que avalan mi competencia ling\u00fc\u00edstica, entre ellas los certificados Cambridge B2 y C1, as\u00ed como el certificado B2 de Michigan. Estas acreditaciones respaldan mi formaci\u00f3n y mi compromiso con el dominio del idioma.<\/p>\n\n\n\n<p>Desde muy joven he sentido un profundo inter\u00e9s por el aprendizaje de lenguas, pues considero que los idiomas son una herramienta fundamental para comprender otras culturas, establecer conexiones significativas y ampliar las oportunidades personales y profesionales. Asimismo, me caracterizo por ser una persona responsable, comprometida y apasionada por la ense\u00f1anza, cualidades que aplico en cada una de mis pr\u00e1cticas pedag\u00f3gicas.<\/p>\n<\/div><\/div>\n\n\n\n<div class=\"wp-block-media-text is-stacked-on-mobile animated fadeIn\" style=\"grid-template-columns:24% auto\"><figure class=\"wp-block-media-text__media\"><img loading=\"lazy\" decoding=\"async\" width=\"942\" height=\"1024\" src=\"https:\/\/eicic.unach.edu.ec\/wp-content\/uploads\/2025\/12\/MsC.-Alex-De-Barros-foto-1-942x1024.jpeg\" alt=\"\" class=\"wp-image-338 size-full\" srcset=\"https:\/\/eicic.unach.edu.ec\/wp-content\/uploads\/2025\/12\/MsC.-Alex-De-Barros-foto-1-942x1024.jpeg 942w, https:\/\/eicic.unach.edu.ec\/wp-content\/uploads\/2025\/12\/MsC.-Alex-De-Barros-foto-1-276x300.jpeg 276w, https:\/\/eicic.unach.edu.ec\/wp-content\/uploads\/2025\/12\/MsC.-Alex-De-Barros-foto-1-768x835.jpeg 768w, https:\/\/eicic.unach.edu.ec\/wp-content\/uploads\/2025\/12\/MsC.-Alex-De-Barros-foto-1-1413x1536.jpeg 1413w, https:\/\/eicic.unach.edu.ec\/wp-content\/uploads\/2025\/12\/MsC.-Alex-De-Barros-foto-1.jpeg 1472w\" sizes=\"auto, (max-width: 942px) 100vw, 942px\" \/><\/figure><div class=\"wp-block-media-text__content\">\n<p>Alex Alves de Barros es candidato a PhD. en arqueolog\u00eda por la Universidade de S\u00e3o Paulo, Brasil, misma instituci\u00f3n en donde defendi\u00f3 su disertaci\u00f3n de maestr\u00eda, adem\u00e1s de licenciado en Artes Visuales. Es investigador y docente universitario realizando cooperaciones en Brasil, Bolivia, Ecuador, M\u00e9xico y Per\u00fa, integrando enfoques interdisciplinarios entre arqueolog\u00eda, patrimonio, paisaje, Historia de la Am\u00e9rica Ind\u00edgena y saberes ancestrales. Docente en la UNACH, Sus investigaciones y producciones acad\u00e9micas abarcan el estudio de las industrias l\u00edticas, arqueolog\u00eda del paisaje y espacial, grupos cazadores recolectores, etnoarqueolog\u00eda, cadenas operativas, cultura material y ocupaciones humanas en la perspectiva de larga duraci\u00f3n. Ha trabajado junto a comunidades andinas, amaz\u00f3nicas y de Mesoam\u00e9rica en proyectos de arqueolog\u00eda, musealizaci\u00f3n, patrimonio vivo, y educaci\u00f3n patrimonial.<\/p>\n<\/div><\/div>\n\n\n\n<div class=\"wp-block-media-text is-stacked-on-mobile animated fadeIn\" style=\"grid-template-columns:24% auto\"><figure class=\"wp-block-media-text__media\"><img loading=\"lazy\" decoding=\"async\" width=\"768\" height=\"1024\" src=\"https:\/\/eicic.unach.edu.ec\/wp-content\/uploads\/2025\/12\/Juan-francisco-rojas-inca-768x1024.jpg\" alt=\"\" class=\"wp-image-339 size-full\" srcset=\"https:\/\/eicic.unach.edu.ec\/wp-content\/uploads\/2025\/12\/Juan-francisco-rojas-inca-768x1024.jpg 768w, https:\/\/eicic.unach.edu.ec\/wp-content\/uploads\/2025\/12\/Juan-francisco-rojas-inca-225x300.jpg 225w, https:\/\/eicic.unach.edu.ec\/wp-content\/uploads\/2025\/12\/Juan-francisco-rojas-inca-1152x1536.jpg 1152w, https:\/\/eicic.unach.edu.ec\/wp-content\/uploads\/2025\/12\/Juan-francisco-rojas-inca-1536x2048.jpg 1536w, https:\/\/eicic.unach.edu.ec\/wp-content\/uploads\/2025\/12\/Juan-francisco-rojas-inca.jpg 1772w\" sizes=\"auto, (max-width: 768px) 100vw, 768px\" \/><\/figure><div class=\"wp-block-media-text__content\">\n<p>Mi nombre es Juan Francisco Rojas Inca y soy orgullosamente riobambe\u00f1o. Realic\u00e9 mis estudios en la Unidad Educativa Don Bosco Salesianos, donde naci\u00f3 mi inter\u00e9s por los idiomas. Posteriormente continu\u00e9 mi formaci\u00f3n en la Universidad Nacional de Chimborazo, en la carrera de Pedagog\u00eda de los Idiomas Nacionales y Extranjeros, donde obtuve el t\u00edtulo de Licenciado en Pedagog\u00eda del Idioma Ingl\u00e9s. Mi formaci\u00f3n universitaria fortaleci\u00f3 mi vocaci\u00f3n docente y me permiti\u00f3 desarrollar una visi\u00f3n humanista de la educaci\u00f3n. Actualmente me desempe\u00f1o como educador, promoviendo el aprendizaje del ingl\u00e9s y fortaleciendo la identidad cultural ecuatoriana a trav\u00e9s de mis pr\u00e1cticas pedag\u00f3gicas.<\/p>\n<\/div><\/div>\n","protected":false},"excerpt":{"rendered":"<p>Grissel Mariela Aguagallo Cali es licenciada en Pedagog\u00eda del Idioma Ingl\u00e9s por la Universidad Nacional de Chimborazo. Posee experiencia docente desde educaci\u00f3n inicial hasta niveles de educaci\u00f3n b\u00e1sica y media, tanto en instituciones urbanas como rurales. Se distingue por su enfoque creativo, emp\u00e1tico y comprometido con el aprendizaje significativo, integrando metodolog\u00edas activas e instrumentos TIC [&hellip;]<\/p>\n","protected":false},"author":1,"featured_media":0,"parent":0,"menu_order":0,"comment_status":"closed","ping_status":"closed","template":"","meta":{"footnotes":""},"class_list":["post-291","page","type-page","status-publish","hentry"],"_links":{"self":[{"href":"https:\/\/eicic.unach.edu.ec\/index.php?rest_route=\/wp\/v2\/pages\/291","targetHints":{"allow":["GET"]}}],"collection":[{"href":"https:\/\/eicic.unach.edu.ec\/index.php?rest_route=\/wp\/v2\/pages"}],"about":[{"href":"https:\/\/eicic.unach.edu.ec\/index.php?rest_route=\/wp\/v2\/types\/page"}],"author":[{"embeddable":true,"href":"https:\/\/eicic.unach.edu.ec\/index.php?rest_route=\/wp\/v2\/users\/1"}],"replies":[{"embeddable":true,"href":"https:\/\/eicic.unach.edu.ec\/index.php?rest_route=%2Fwp%2Fv2%2Fcomments&post=291"}],"version-history":[{"count":7,"href":"https:\/\/eicic.unach.edu.ec\/index.php?rest_route=\/wp\/v2\/pages\/291\/revisions"}],"predecessor-version":[{"id":374,"href":"https:\/\/eicic.unach.edu.ec\/index.php?rest_route=\/wp\/v2\/pages\/291\/revisions\/374"}],"wp:attachment":[{"href":"https:\/\/eicic.unach.edu.ec\/index.php?rest_route=%2Fwp%2Fv2%2Fmedia&parent=291"}],"curies":[{"name":"wp","href":"https:\/\/api.w.org\/{rel}","templated":true}]}}